{"id":1186,"date":"2020-11-16T08:36:50","date_gmt":"2020-11-16T08:36:50","guid":{"rendered":"http:\/\/gewerbeverein-wilhelmsdorf.de\/?page_id=1186"},"modified":"2020-11-16T09:00:12","modified_gmt":"2020-11-16T09:00:12","slug":"elementor-1186","status":"publish","type":"page","link":"http:\/\/gewerbeverein-wilhelmsdorf.de\/?page_id=1186","title":{"rendered":"Zeynep D\u00f6ner und Pizza"},"content":{"rendered":"\t\t<div data-elementor-type=\"wp-page\" data-elementor-id=\"1186\" class=\"elementor elementor-1186\">\n\t\t\t\t\t\t<section class=\"elementor-section elementor-top-section elementor-element elementor-element-9e2cb07 elementor-section-boxed elementor-section-height-default elementor-section-height-default\" data-id=\"9e2cb07\" data-element_type=\"section\" data-e-type=\"section\">\n\t\t\t\t\t\t<div class=\"elementor-container elementor-column-gap-default\">\n\t\t\t\t\t<div class=\"elementor-column elementor-col-66 elementor-top-column elementor-element elementor-element-9c7c742\" data-id=\"9c7c742\" data-element_type=\"column\" data-e-type=\"column\">\n\t\t\t<div class=\"elementor-widget-wrap elementor-element-populated\">\n\t\t\t\t\t\t<div class=\"elementor-element elementor-element-ce278e9 elementor-widget elementor-widget-text-editor\" data-id=\"ce278e9\" data-element_type=\"widget\" data-e-type=\"widget\" data-widget_type=\"text-editor.default\">\n\t\t\t\t<div class=\"elementor-widget-container\">\n\t\t\t\t\t\t\t\t\t<p><b>Zeynep D\u00f6ner und Pizza<\/b><\/p>\n<p>Riedhauser Str. 1<\/p>\n<p>88271 Wilhelmsdorf<\/p>\n<p>Telefon: 07503 \/ 84 79 80<\/p><p><br><\/p><p>T\u00e4glich ge\u00f6ffnet von 11 &#8211; 21 Uhr<\/p>\t\t\t\t\t\t\t\t<\/div>\n\t\t\t\t<\/div>\n\t\t\t\t\t<\/div>\n\t\t<\/div>\n\t\t\t\t<div class=\"elementor-column elementor-col-33 elementor-top-column elementor-element elementor-element-edd82d9\" data-id=\"edd82d9\" data-element_type=\"column\" data-e-type=\"column\">\n\t\t\t<div class=\"elementor-widget-wrap elementor-element-populated\">\n\t\t\t\t\t\t<div class=\"elementor-element elementor-element-64dcc0d elementor-widget elementor-widget-image\" data-id=\"64dcc0d\" data-element_type=\"widget\" data-e-type=\"widget\" data-widget_type=\"image.default\">\n\t\t\t\t<div class=\"elementor-widget-container\">\n\t\t\t\t\t\t\t\t\t\t\t\t\t\t\t<img fetchpriority=\"high\" decoding=\"async\" width=\"600\" height=\"820\" src=\"http:\/\/gewerbeverein-wilhelmsdorf.de\/wp-content\/uploads\/2020\/11\/2011_Logo_Zeynep-1-1.jpg\" class=\"attachment-large size-large wp-image-1189\" alt=\"\" srcset=\"http:\/\/gewerbeverein-wilhelmsdorf.de\/wp-content\/uploads\/2020\/11\/2011_Logo_Zeynep-1-1.jpg 600w, http:\/\/gewerbeverein-wilhelmsdorf.de\/wp-content\/uploads\/2020\/11\/2011_Logo_Zeynep-1-1-220x300.jpg 220w\" sizes=\"(max-width: 600px) 100vw, 600px\" \/>\t\t\t\t\t\t\t\t\t\t\t\t\t\t\t<\/div>\n\t\t\t\t<\/div>\n\t\t\t\t\t<\/div>\n\t\t<\/div>\n\t\t\t\t\t<\/div>\n\t\t<\/section>\n\t\t\t\t<section class=\"elementor-section elementor-top-section elementor-element elementor-element-1351ac0 elementor-section-boxed elementor-section-height-default elementor-section-height-default\" data-id=\"1351ac0\" data-element_type=\"section\" data-e-type=\"section\">\n\t\t\t\t\t\t<div class=\"elementor-container elementor-column-gap-default\">\n\t\t\t\t\t<div class=\"elementor-column elementor-col-100 elementor-top-column elementor-element elementor-element-55510ec\" data-id=\"55510ec\" data-element_type=\"column\" data-e-type=\"column\">\n\t\t\t<div class=\"elementor-widget-wrap elementor-element-populated\">\n\t\t\t\t\t\t<div class=\"elementor-element elementor-element-5477d1d elementor-arrows-position-inside elementor-pagination-position-outside elementor-widget elementor-widget-image-carousel\" data-id=\"5477d1d\" data-element_type=\"widget\" data-e-type=\"widget\" data-settings=\"{&quot;slides_to_show&quot;:&quot;1&quot;,&quot;navigation&quot;:&quot;both&quot;,&quot;autoplay&quot;:&quot;yes&quot;,&quot;pause_on_hover&quot;:&quot;yes&quot;,&quot;pause_on_interaction&quot;:&quot;yes&quot;,&quot;autoplay_speed&quot;:5000,&quot;infinite&quot;:&quot;yes&quot;,&quot;effect&quot;:&quot;slide&quot;,&quot;speed&quot;:500}\" data-widget_type=\"image-carousel.default\">\n\t\t\t\t<div class=\"elementor-widget-container\">\n\t\t\t\t\t\t\t<div class=\"elementor-image-carousel-wrapper swiper\" role=\"region\" aria-roledescription=\"carousel\" aria-label=\"Bild Karussell\" dir=\"ltr\">\n\t\t\t<div class=\"elementor-image-carousel swiper-wrapper\" aria-live=\"off\">\n\t\t\t\t\t\t\t\t<div class=\"swiper-slide\" role=\"group\" aria-roledescription=\"slide\" aria-label=\"1 von 2\"><figure class=\"swiper-slide-inner\"><img decoding=\"async\" class=\"swiper-slide-image\" src=\"http:\/\/gewerbeverein-wilhelmsdorf.de\/wp-content\/uploads\/2020\/11\/2011_Zeynep_A4_DL_FA-1-1-768x543.jpg\" alt=\"2011_Zeynep_A4_DL_FA-1\" \/><\/figure><\/div><div class=\"swiper-slide\" role=\"group\" aria-roledescription=\"slide\" aria-label=\"2 von 2\"><figure class=\"swiper-slide-inner\"><img decoding=\"async\" class=\"swiper-slide-image\" src=\"http:\/\/gewerbeverein-wilhelmsdorf.de\/wp-content\/uploads\/2020\/11\/2011_Zeynep_A4_DL_FA-2-1-768x543.jpg\" alt=\"2011_Zeynep_A4_DL_FA-2\" \/><\/figure><\/div>\t\t\t<\/div>\n\t\t\t\t\t\t\t\t\t\t\t\t<div class=\"elementor-swiper-button elementor-swiper-button-prev\" role=\"button\" tabindex=\"0\">\n\t\t\t\t\t\t<i aria-hidden=\"true\" class=\"eicon-chevron-left\"><\/i>\t\t\t\t\t<\/div>\n\t\t\t\t\t<div class=\"elementor-swiper-button elementor-swiper-button-next\" role=\"button\" tabindex=\"0\">\n\t\t\t\t\t\t<i aria-hidden=\"true\" class=\"eicon-chevron-right\"><\/i>\t\t\t\t\t<\/div>\n\t\t\t\t\n\t\t\t\t\t\t\t\t\t<div class=\"swiper-pagination\"><\/div>\n\t\t\t\t\t\t\t\t\t<\/div>\n\t\t\t\t\t\t<\/div>\n\t\t\t\t<\/div>\n\t\t\t\t\t<\/div>\n\t\t<\/div>\n\t\t\t\t\t<\/div>\n\t\t<\/section>\n\t\t\t\t<\/div>\n\t\t","protected":false},"excerpt":{"rendered":"<p>Zeynep D\u00f6ner und Pizza Riedhauser Str. 1 88271 Wilhelmsdorf Telefon: 07503 \/ 84 79 80 T\u00e4glich ge\u00f6ffnet von 11 &#8211; 21 Uhr Zur\u00fcck Weiter<\/p>\n","protected":false},"author":1,"featured_media":0,"parent":0,"menu_order":0,"comment_status":"closed","ping_status":"closed","template":"","meta":{"footnotes":""},"class_list":["post-1186","page","type-page","status-publish","hentry"],"yoast_head":"<!-- This site is optimized with the Yoast SEO plugin v27.4 - https:\/\/yoast.com\/product\/yoast-seo-wordpress\/ -->\n<title>Zeynep D\u00f6ner und Pizza &#8226; Gewerbeverein Wilhelmsdorf<\/title>\n<meta name=\"robots\" content=\"index, follow, max-snippet:-1, max-image-preview:large, max-video-preview:-1\" \/>\n<link rel=\"canonical\" href=\"http:\/\/gewerbeverein-wilhelmsdorf.de\/?page_id=1186\" \/>\n<meta property=\"og:locale\" content=\"de_DE\" \/>\n<meta property=\"og:type\" content=\"article\" \/>\n<meta property=\"og:title\" content=\"Zeynep D\u00f6ner und Pizza &#8226; Gewerbeverein Wilhelmsdorf\" \/>\n<meta property=\"og:description\" content=\"Zeynep D\u00f6ner und Pizza Riedhauser Str. 1 88271 Wilhelmsdorf Telefon: 07503 \/ 84 79 80 T\u00e4glich ge\u00f6ffnet von 11 &#8211; 21 Uhr Zur\u00fcck Weiter\" \/>\n<meta property=\"og:url\" content=\"http:\/\/gewerbeverein-wilhelmsdorf.de\/?page_id=1186\" \/>\n<meta property=\"og:site_name\" content=\"Gewerbeverein Wilhelmsdorf\" \/>\n<meta property=\"article:modified_time\" content=\"2020-11-16T09:00:12+00:00\" \/>\n<meta property=\"og:image\" content=\"http:\/\/gewerbeverein-wilhelmsdorf.de\/wp-content\/uploads\/2020\/11\/2011_Logo_Zeynep-1-1.jpg\" \/>\n<meta name=\"twitter:card\" content=\"summary_large_image\" \/>\n<meta name=\"twitter:label1\" content=\"Gesch\u00e4tzte Lesezeit\" \/>\n\t<meta name=\"twitter:data1\" content=\"2\u00a0Minuten\" \/>\n<script type=\"application\/ld+json\" class=\"yoast-schema-graph\">{\"@context\":\"https:\\\/\\\/schema.org\",\"@graph\":[{\"@type\":\"WebPage\",\"@id\":\"http:\\\/\\\/gewerbeverein-wilhelmsdorf.de\\\/?page_id=1186\",\"url\":\"http:\\\/\\\/gewerbeverein-wilhelmsdorf.de\\\/?page_id=1186\",\"name\":\"Zeynep D\u00f6ner und Pizza &#8226; Gewerbeverein Wilhelmsdorf\",\"isPartOf\":{\"@id\":\"https:\\\/\\\/gewerbeverein-wilhelmsdorf.de\\\/#website\"},\"primaryImageOfPage\":{\"@id\":\"http:\\\/\\\/gewerbeverein-wilhelmsdorf.de\\\/?page_id=1186#primaryimage\"},\"image\":{\"@id\":\"http:\\\/\\\/gewerbeverein-wilhelmsdorf.de\\\/?page_id=1186#primaryimage\"},\"thumbnailUrl\":\"http:\\\/\\\/gewerbeverein-wilhelmsdorf.de\\\/wp-content\\\/uploads\\\/2020\\\/11\\\/2011_Logo_Zeynep-1-1.jpg\",\"datePublished\":\"2020-11-16T08:36:50+00:00\",\"dateModified\":\"2020-11-16T09:00:12+00:00\",\"breadcrumb\":{\"@id\":\"http:\\\/\\\/gewerbeverein-wilhelmsdorf.de\\\/?page_id=1186#breadcrumb\"},\"inLanguage\":\"de\",\"potentialAction\":[{\"@type\":\"ReadAction\",\"target\":[\"http:\\\/\\\/gewerbeverein-wilhelmsdorf.de\\\/?page_id=1186\"]}]},{\"@type\":\"ImageObject\",\"inLanguage\":\"de\",\"@id\":\"http:\\\/\\\/gewerbeverein-wilhelmsdorf.de\\\/?page_id=1186#primaryimage\",\"url\":\"http:\\\/\\\/gewerbeverein-wilhelmsdorf.de\\\/wp-content\\\/uploads\\\/2020\\\/11\\\/2011_Logo_Zeynep-1-1.jpg\",\"contentUrl\":\"http:\\\/\\\/gewerbeverein-wilhelmsdorf.de\\\/wp-content\\\/uploads\\\/2020\\\/11\\\/2011_Logo_Zeynep-1-1.jpg\",\"width\":600,\"height\":820},{\"@type\":\"BreadcrumbList\",\"@id\":\"http:\\\/\\\/gewerbeverein-wilhelmsdorf.de\\\/?page_id=1186#breadcrumb\",\"itemListElement\":[{\"@type\":\"ListItem\",\"position\":1,\"name\":\"Startseite\",\"item\":\"https:\\\/\\\/gewerbeverein-wilhelmsdorf.de\\\/\"},{\"@type\":\"ListItem\",\"position\":2,\"name\":\"Zeynep D\u00f6ner und Pizza\"}]},{\"@type\":\"WebSite\",\"@id\":\"https:\\\/\\\/gewerbeverein-wilhelmsdorf.de\\\/#website\",\"url\":\"https:\\\/\\\/gewerbeverein-wilhelmsdorf.de\\\/\",\"name\":\"Gewerbeverein Wilhelmsdorf\",\"description\":\"Gewerbe in Wilhelmsdorf f\u00fcr Wilhelmsdorf\",\"publisher\":{\"@id\":\"https:\\\/\\\/gewerbeverein-wilhelmsdorf.de\\\/#organization\"},\"potentialAction\":[{\"@type\":\"SearchAction\",\"target\":{\"@type\":\"EntryPoint\",\"urlTemplate\":\"https:\\\/\\\/gewerbeverein-wilhelmsdorf.de\\\/?s={search_term_string}\"},\"query-input\":{\"@type\":\"PropertyValueSpecification\",\"valueRequired\":true,\"valueName\":\"search_term_string\"}}],\"inLanguage\":\"de\"},{\"@type\":\"Organization\",\"@id\":\"https:\\\/\\\/gewerbeverein-wilhelmsdorf.de\\\/#organization\",\"name\":\"Gewerbeverein Wilhelmsdorf\",\"url\":\"https:\\\/\\\/gewerbeverein-wilhelmsdorf.de\\\/\",\"logo\":{\"@type\":\"ImageObject\",\"inLanguage\":\"de\",\"@id\":\"https:\\\/\\\/gewerbeverein-wilhelmsdorf.de\\\/#\\\/schema\\\/logo\\\/image\\\/\",\"url\":\"http:\\\/\\\/gewerbeverein-wilhelmsdorf.de\\\/wp-content\\\/uploads\\\/2019\\\/03\\\/cropped-web_Logo.jpg\",\"contentUrl\":\"http:\\\/\\\/gewerbeverein-wilhelmsdorf.de\\\/wp-content\\\/uploads\\\/2019\\\/03\\\/cropped-web_Logo.jpg\",\"width\":1200,\"height\":800,\"caption\":\"Gewerbeverein Wilhelmsdorf\"},\"image\":{\"@id\":\"https:\\\/\\\/gewerbeverein-wilhelmsdorf.de\\\/#\\\/schema\\\/logo\\\/image\\\/\"}}]}<\/script>\n<!-- \/ Yoast SEO plugin. -->","yoast_head_json":{"title":"Zeynep D\u00f6ner und Pizza &#8226; Gewerbeverein Wilhelmsdorf","robots":{"index":"index","follow":"follow","max-snippet":"max-snippet:-1","max-image-preview":"max-image-preview:large","max-video-preview":"max-video-preview:-1"},"canonical":"http:\/\/gewerbeverein-wilhelmsdorf.de\/?page_id=1186","og_locale":"de_DE","og_type":"article","og_title":"Zeynep D\u00f6ner und Pizza &#8226; Gewerbeverein Wilhelmsdorf","og_description":"Zeynep D\u00f6ner und Pizza Riedhauser Str. 1 88271 Wilhelmsdorf Telefon: 07503 \/ 84 79 80 T\u00e4glich ge\u00f6ffnet von 11 &#8211; 21 Uhr Zur\u00fcck Weiter","og_url":"http:\/\/gewerbeverein-wilhelmsdorf.de\/?page_id=1186","og_site_name":"Gewerbeverein Wilhelmsdorf","article_modified_time":"2020-11-16T09:00:12+00:00","og_image":[{"url":"http:\/\/gewerbeverein-wilhelmsdorf.de\/wp-content\/uploads\/2020\/11\/2011_Logo_Zeynep-1-1.jpg","type":"","width":"","height":""}],"twitter_card":"summary_large_image","twitter_misc":{"Gesch\u00e4tzte Lesezeit":"2\u00a0Minuten"},"schema":{"@context":"https:\/\/schema.org","@graph":[{"@type":"WebPage","@id":"http:\/\/gewerbeverein-wilhelmsdorf.de\/?page_id=1186","url":"http:\/\/gewerbeverein-wilhelmsdorf.de\/?page_id=1186","name":"Zeynep D\u00f6ner und Pizza &#8226; Gewerbeverein Wilhelmsdorf","isPartOf":{"@id":"https:\/\/gewerbeverein-wilhelmsdorf.de\/#website"},"primaryImageOfPage":{"@id":"http:\/\/gewerbeverein-wilhelmsdorf.de\/?page_id=1186#primaryimage"},"image":{"@id":"http:\/\/gewerbeverein-wilhelmsdorf.de\/?page_id=1186#primaryimage"},"thumbnailUrl":"http:\/\/gewerbeverein-wilhelmsdorf.de\/wp-content\/uploads\/2020\/11\/2011_Logo_Zeynep-1-1.jpg","datePublished":"2020-11-16T08:36:50+00:00","dateModified":"2020-11-16T09:00:12+00:00","breadcrumb":{"@id":"http:\/\/gewerbeverein-wilhelmsdorf.de\/?page_id=1186#breadcrumb"},"inLanguage":"de","potentialAction":[{"@type":"ReadAction","target":["http:\/\/gewerbeverein-wilhelmsdorf.de\/?page_id=1186"]}]},{"@type":"ImageObject","inLanguage":"de","@id":"http:\/\/gewerbeverein-wilhelmsdorf.de\/?page_id=1186#primaryimage","url":"http:\/\/gewerbeverein-wilhelmsdorf.de\/wp-content\/uploads\/2020\/11\/2011_Logo_Zeynep-1-1.jpg","contentUrl":"http:\/\/gewerbeverein-wilhelmsdorf.de\/wp-content\/uploads\/2020\/11\/2011_Logo_Zeynep-1-1.jpg","width":600,"height":820},{"@type":"BreadcrumbList","@id":"http:\/\/gewerbeverein-wilhelmsdorf.de\/?page_id=1186#breadcrumb","itemListElement":[{"@type":"ListItem","position":1,"name":"Startseite","item":"https:\/\/gewerbeverein-wilhelmsdorf.de\/"},{"@type":"ListItem","position":2,"name":"Zeynep D\u00f6ner und Pizza"}]},{"@type":"WebSite","@id":"https:\/\/gewerbeverein-wilhelmsdorf.de\/#website","url":"https:\/\/gewerbeverein-wilhelmsdorf.de\/","name":"Gewerbeverein Wilhelmsdorf","description":"Gewerbe in Wilhelmsdorf f\u00fcr Wilhelmsdorf","publisher":{"@id":"https:\/\/gewerbeverein-wilhelmsdorf.de\/#organization"},"potentialAction":[{"@type":"SearchAction","target":{"@type":"EntryPoint","urlTemplate":"https:\/\/gewerbeverein-wilhelmsdorf.de\/?s={search_term_string}"},"query-input":{"@type":"PropertyValueSpecification","valueRequired":true,"valueName":"search_term_string"}}],"inLanguage":"de"},{"@type":"Organization","@id":"https:\/\/gewerbeverein-wilhelmsdorf.de\/#organization","name":"Gewerbeverein Wilhelmsdorf","url":"https:\/\/gewerbeverein-wilhelmsdorf.de\/","logo":{"@type":"ImageObject","inLanguage":"de","@id":"https:\/\/gewerbeverein-wilhelmsdorf.de\/#\/schema\/logo\/image\/","url":"http:\/\/gewerbeverein-wilhelmsdorf.de\/wp-content\/uploads\/2019\/03\/cropped-web_Logo.jpg","contentUrl":"http:\/\/gewerbeverein-wilhelmsdorf.de\/wp-content\/uploads\/2019\/03\/cropped-web_Logo.jpg","width":1200,"height":800,"caption":"Gewerbeverein Wilhelmsdorf"},"image":{"@id":"https:\/\/gewerbeverein-wilhelmsdorf.de\/#\/schema\/logo\/image\/"}}]}},"_links":{"self":[{"href":"http:\/\/gewerbeverein-wilhelmsdorf.de\/index.php?rest_route=\/wp\/v2\/pages\/1186","targetHints":{"allow":["GET"]}}],"collection":[{"href":"http:\/\/gewerbeverein-wilhelmsdorf.de\/index.php?rest_route=\/wp\/v2\/pages"}],"about":[{"href":"http:\/\/gewerbeverein-wilhelmsdorf.de\/index.php?rest_route=\/wp\/v2\/types\/page"}],"author":[{"embeddable":true,"href":"http:\/\/gewerbeverein-wilhelmsdorf.de\/index.php?rest_route=\/wp\/v2\/users\/1"}],"replies":[{"embeddable":true,"href":"http:\/\/gewerbeverein-wilhelmsdorf.de\/index.php?rest_route=%2Fwp%2Fv2%2Fcomments&post=1186"}],"version-history":[{"count":12,"href":"http:\/\/gewerbeverein-wilhelmsdorf.de\/index.php?rest_route=\/wp\/v2\/pages\/1186\/revisions"}],"predecessor-version":[{"id":1231,"href":"http:\/\/gewerbeverein-wilhelmsdorf.de\/index.php?rest_route=\/wp\/v2\/pages\/1186\/revisions\/1231"}],"wp:attachment":[{"href":"http:\/\/gewerbeverein-wilhelmsdorf.de\/index.php?rest_route=%2Fwp%2Fv2%2Fmedia&parent=1186"}],"curies":[{"name":"wp","href":"https:\/\/api.w.org\/{rel}","templated":true}]}}