{"id":522,"date":"2019-04-08T10:52:04","date_gmt":"2019-04-08T10:52:04","guid":{"rendered":"http:\/\/gewerbeverein-wilhelmsdorf.de\/?page_id=522"},"modified":"2019-11-01T11:42:52","modified_gmt":"2019-11-01T11:42:52","slug":"landmetzgerei-partyservice-strobel","status":"publish","type":"page","link":"http:\/\/gewerbeverein-wilhelmsdorf.de\/?page_id=522","title":{"rendered":"Landmetzgerei \u2013 Partyservice Strobel"},"content":{"rendered":"<p><a href=\"www.strobels-landmetzgerei.de\"><br \/>\n<\/a><\/p>\n<h3>\n\t\t\t\t\t<a href=\"www.strobels-landmetzgerei.de\">Landmetzgerei \u2013 Partyservice Strobel<\/a><\/h3>\n<p>Der Familienbetrieb Strobel blickt auf eine \u00fcber 50-j\u00e4hrige Erfahrung zur\u00fcck. Neben Fleischwaren, Wurstwaren und Fertiggerichten bieten wir Ihnen umfangreiche Men\u00fcs aus unserem Partyservice an.<br \/>\nUnsere Wurstwaren sind nat\u00fcrlich lecker, deshalb verzichten wir auf Geschmacksverst\u00e4rker, Laktose, Gluten, Glutamat und auf k\u00fcnstlich zugesetzte Konservierungsstoffe.<br \/>\nSeit der Gr\u00fcndung im Jahre 1963 steht unser Unternehmen f\u00fcr Qualit\u00e4t, Regionalit\u00e4t und handwerkliche Tradition \u2013 \u00fcberzeugen Sie sich!<\/p>\n<p>Landmetzgerei \u2013 Partyservice Strobel<br \/>\nHerrengasse 10<br \/>\n88271 Esenhausen<br \/>\nTel.: 07503\/658<br \/>\ninfo@metzgerei-strobel.com<br \/>\nwww.strobels-landmetzgerei.de<\/p>\n<p><a href=\"http:\/\/www.strobels-landmetzgerei.de\" data-elementor-open-lightbox=\"\"><br \/>\n<img fetchpriority=\"high\" decoding=\"async\" width=\"640\" height=\"358\" src=\"http:\/\/gewerbeverein-wilhelmsdorf.de\/wp-content\/uploads\/2019\/04\/Logo-Metzgerei-Strobel-1024x573.jpg\" alt=\"\" srcset=\"http:\/\/gewerbeverein-wilhelmsdorf.de\/wp-content\/uploads\/2019\/04\/Logo-Metzgerei-Strobel-1024x573.jpg 1024w, http:\/\/gewerbeverein-wilhelmsdorf.de\/wp-content\/uploads\/2019\/04\/Logo-Metzgerei-Strobel-300x168.jpg 300w, http:\/\/gewerbeverein-wilhelmsdorf.de\/wp-content\/uploads\/2019\/04\/Logo-Metzgerei-Strobel-768x430.jpg 768w\" sizes=\"(max-width: 640px) 100vw, 640px\">\t\t\t\t\t\t\t\t<\/a><\/p>\n","protected":false},"excerpt":{"rendered":"<p>Landmetzgerei \u2013 Partyservice Strobel Der Familienbetrieb Strobel blickt auf eine \u00fcber 50-j\u00e4hrige Erfahrung zur\u00fcck. Neben Fleischwaren, Wurstwaren und Fertiggerichten bieten wir Ihnen umfangreiche Men\u00fcs aus unserem Partyservice an. Unsere Wurstwaren sind nat\u00fcrlich lecker, deshalb verzichten wir auf Geschmacksverst\u00e4rker, Laktose, Gluten, Glutamat und auf k\u00fcnstlich zugesetzte Konservierungsstoffe. Seit der Gr\u00fcndung im Jahre 1963 steht unser Unternehmen [&hellip;]<\/p>\n","protected":false},"author":1,"featured_media":0,"parent":0,"menu_order":0,"comment_status":"closed","ping_status":"closed","template":"","meta":{"footnotes":""},"class_list":["post-522","page","type-page","status-publish","hentry"],"yoast_head":"<!-- This site is optimized with the Yoast SEO plugin v27.5 - https:\/\/yoast.com\/product\/yoast-seo-wordpress\/ -->\n<title>Landmetzgerei \u2013 Partyservice Strobel &#8226; Gewerbeverein Wilhelmsdorf<\/title>\n<meta name=\"robots\" content=\"index, follow, max-snippet:-1, max-image-preview:large, max-video-preview:-1\" \/>\n<link rel=\"canonical\" href=\"http:\/\/gewerbeverein-wilhelmsdorf.de\/?page_id=522\" \/>\n<meta property=\"og:locale\" content=\"de_DE\" \/>\n<meta property=\"og:type\" content=\"article\" \/>\n<meta property=\"og:title\" content=\"Landmetzgerei \u2013 Partyservice Strobel &#8226; Gewerbeverein Wilhelmsdorf\" \/>\n<meta property=\"og:description\" content=\"Landmetzgerei \u2013 Partyservice Strobel Der Familienbetrieb Strobel blickt auf eine \u00fcber 50-j\u00e4hrige Erfahrung zur\u00fcck. Neben Fleischwaren, Wurstwaren und Fertiggerichten bieten wir Ihnen umfangreiche Men\u00fcs aus unserem Partyservice an. Unsere Wurstwaren sind nat\u00fcrlich lecker, deshalb verzichten wir auf Geschmacksverst\u00e4rker, Laktose, Gluten, Glutamat und auf k\u00fcnstlich zugesetzte Konservierungsstoffe. Seit der Gr\u00fcndung im Jahre 1963 steht unser Unternehmen [&hellip;]\" \/>\n<meta property=\"og:url\" content=\"http:\/\/gewerbeverein-wilhelmsdorf.de\/?page_id=522\" \/>\n<meta property=\"og:site_name\" content=\"Gewerbeverein Wilhelmsdorf\" \/>\n<meta property=\"article:modified_time\" content=\"2019-11-01T11:42:52+00:00\" \/>\n<meta property=\"og:image\" content=\"http:\/\/gewerbeverein-wilhelmsdorf.de\/wp-content\/uploads\/2019\/04\/Logo-Metzgerei-Strobel-1024x573.jpg\" \/>\n<meta name=\"twitter:card\" content=\"summary_large_image\" \/>\n<script type=\"application\/ld+json\" class=\"yoast-schema-graph\">{\"@context\":\"https:\\\/\\\/schema.org\",\"@graph\":[{\"@type\":\"WebPage\",\"@id\":\"http:\\\/\\\/gewerbeverein-wilhelmsdorf.de\\\/?page_id=522\",\"url\":\"http:\\\/\\\/gewerbeverein-wilhelmsdorf.de\\\/?page_id=522\",\"name\":\"Landmetzgerei \u2013 Partyservice Strobel &#8226; Gewerbeverein Wilhelmsdorf\",\"isPartOf\":{\"@id\":\"https:\\\/\\\/gewerbeverein-wilhelmsdorf.de\\\/#website\"},\"primaryImageOfPage\":{\"@id\":\"http:\\\/\\\/gewerbeverein-wilhelmsdorf.de\\\/?page_id=522#primaryimage\"},\"image\":{\"@id\":\"http:\\\/\\\/gewerbeverein-wilhelmsdorf.de\\\/?page_id=522#primaryimage\"},\"thumbnailUrl\":\"http:\\\/\\\/gewerbeverein-wilhelmsdorf.de\\\/wp-content\\\/uploads\\\/2019\\\/04\\\/Logo-Metzgerei-Strobel-1024x573.jpg\",\"datePublished\":\"2019-04-08T10:52:04+00:00\",\"dateModified\":\"2019-11-01T11:42:52+00:00\",\"breadcrumb\":{\"@id\":\"http:\\\/\\\/gewerbeverein-wilhelmsdorf.de\\\/?page_id=522#breadcrumb\"},\"inLanguage\":\"de\",\"potentialAction\":[{\"@type\":\"ReadAction\",\"target\":[\"http:\\\/\\\/gewerbeverein-wilhelmsdorf.de\\\/?page_id=522\"]}]},{\"@type\":\"ImageObject\",\"inLanguage\":\"de\",\"@id\":\"http:\\\/\\\/gewerbeverein-wilhelmsdorf.de\\\/?page_id=522#primaryimage\",\"url\":\"http:\\\/\\\/gewerbeverein-wilhelmsdorf.de\\\/wp-content\\\/uploads\\\/2019\\\/04\\\/Logo-Metzgerei-Strobel.jpg\",\"contentUrl\":\"http:\\\/\\\/gewerbeverein-wilhelmsdorf.de\\\/wp-content\\\/uploads\\\/2019\\\/04\\\/Logo-Metzgerei-Strobel.jpg\",\"width\":3170,\"height\":1773},{\"@type\":\"BreadcrumbList\",\"@id\":\"http:\\\/\\\/gewerbeverein-wilhelmsdorf.de\\\/?page_id=522#breadcrumb\",\"itemListElement\":[{\"@type\":\"ListItem\",\"position\":1,\"name\":\"Startseite\",\"item\":\"https:\\\/\\\/gewerbeverein-wilhelmsdorf.de\\\/\"},{\"@type\":\"ListItem\",\"position\":2,\"name\":\"Landmetzgerei \u2013 Partyservice Strobel\"}]},{\"@type\":\"WebSite\",\"@id\":\"https:\\\/\\\/gewerbeverein-wilhelmsdorf.de\\\/#website\",\"url\":\"https:\\\/\\\/gewerbeverein-wilhelmsdorf.de\\\/\",\"name\":\"Gewerbeverein Wilhelmsdorf\",\"description\":\"Gewerbe in Wilhelmsdorf f\u00fcr Wilhelmsdorf\",\"publisher\":{\"@id\":\"https:\\\/\\\/gewerbeverein-wilhelmsdorf.de\\\/#organization\"},\"potentialAction\":[{\"@type\":\"SearchAction\",\"target\":{\"@type\":\"EntryPoint\",\"urlTemplate\":\"https:\\\/\\\/gewerbeverein-wilhelmsdorf.de\\\/?s={search_term_string}\"},\"query-input\":{\"@type\":\"PropertyValueSpecification\",\"valueRequired\":true,\"valueName\":\"search_term_string\"}}],\"inLanguage\":\"de\"},{\"@type\":\"Organization\",\"@id\":\"https:\\\/\\\/gewerbeverein-wilhelmsdorf.de\\\/#organization\",\"name\":\"Gewerbeverein Wilhelmsdorf\",\"url\":\"https:\\\/\\\/gewerbeverein-wilhelmsdorf.de\\\/\",\"logo\":{\"@type\":\"ImageObject\",\"inLanguage\":\"de\",\"@id\":\"https:\\\/\\\/gewerbeverein-wilhelmsdorf.de\\\/#\\\/schema\\\/logo\\\/image\\\/\",\"url\":\"http:\\\/\\\/gewerbeverein-wilhelmsdorf.de\\\/wp-content\\\/uploads\\\/2019\\\/03\\\/cropped-web_Logo.jpg\",\"contentUrl\":\"http:\\\/\\\/gewerbeverein-wilhelmsdorf.de\\\/wp-content\\\/uploads\\\/2019\\\/03\\\/cropped-web_Logo.jpg\",\"width\":1200,\"height\":800,\"caption\":\"Gewerbeverein Wilhelmsdorf\"},\"image\":{\"@id\":\"https:\\\/\\\/gewerbeverein-wilhelmsdorf.de\\\/#\\\/schema\\\/logo\\\/image\\\/\"}}]}<\/script>\n<!-- \/ Yoast SEO plugin. -->","yoast_head_json":{"title":"Landmetzgerei \u2013 Partyservice Strobel &#8226; Gewerbeverein Wilhelmsdorf","robots":{"index":"index","follow":"follow","max-snippet":"max-snippet:-1","max-image-preview":"max-image-preview:large","max-video-preview":"max-video-preview:-1"},"canonical":"http:\/\/gewerbeverein-wilhelmsdorf.de\/?page_id=522","og_locale":"de_DE","og_type":"article","og_title":"Landmetzgerei \u2013 Partyservice Strobel &#8226; Gewerbeverein Wilhelmsdorf","og_description":"Landmetzgerei \u2013 Partyservice Strobel Der Familienbetrieb Strobel blickt auf eine \u00fcber 50-j\u00e4hrige Erfahrung zur\u00fcck. Neben Fleischwaren, Wurstwaren und Fertiggerichten bieten wir Ihnen umfangreiche Men\u00fcs aus unserem Partyservice an. Unsere Wurstwaren sind nat\u00fcrlich lecker, deshalb verzichten wir auf Geschmacksverst\u00e4rker, Laktose, Gluten, Glutamat und auf k\u00fcnstlich zugesetzte Konservierungsstoffe. Seit der Gr\u00fcndung im Jahre 1963 steht unser Unternehmen [&hellip;]","og_url":"http:\/\/gewerbeverein-wilhelmsdorf.de\/?page_id=522","og_site_name":"Gewerbeverein Wilhelmsdorf","article_modified_time":"2019-11-01T11:42:52+00:00","og_image":[{"url":"http:\/\/gewerbeverein-wilhelmsdorf.de\/wp-content\/uploads\/2019\/04\/Logo-Metzgerei-Strobel-1024x573.jpg","type":"","width":"","height":""}],"twitter_card":"summary_large_image","schema":{"@context":"https:\/\/schema.org","@graph":[{"@type":"WebPage","@id":"http:\/\/gewerbeverein-wilhelmsdorf.de\/?page_id=522","url":"http:\/\/gewerbeverein-wilhelmsdorf.de\/?page_id=522","name":"Landmetzgerei \u2013 Partyservice Strobel &#8226; Gewerbeverein Wilhelmsdorf","isPartOf":{"@id":"https:\/\/gewerbeverein-wilhelmsdorf.de\/#website"},"primaryImageOfPage":{"@id":"http:\/\/gewerbeverein-wilhelmsdorf.de\/?page_id=522#primaryimage"},"image":{"@id":"http:\/\/gewerbeverein-wilhelmsdorf.de\/?page_id=522#primaryimage"},"thumbnailUrl":"http:\/\/gewerbeverein-wilhelmsdorf.de\/wp-content\/uploads\/2019\/04\/Logo-Metzgerei-Strobel-1024x573.jpg","datePublished":"2019-04-08T10:52:04+00:00","dateModified":"2019-11-01T11:42:52+00:00","breadcrumb":{"@id":"http:\/\/gewerbeverein-wilhelmsdorf.de\/?page_id=522#breadcrumb"},"inLanguage":"de","potentialAction":[{"@type":"ReadAction","target":["http:\/\/gewerbeverein-wilhelmsdorf.de\/?page_id=522"]}]},{"@type":"ImageObject","inLanguage":"de","@id":"http:\/\/gewerbeverein-wilhelmsdorf.de\/?page_id=522#primaryimage","url":"http:\/\/gewerbeverein-wilhelmsdorf.de\/wp-content\/uploads\/2019\/04\/Logo-Metzgerei-Strobel.jpg","contentUrl":"http:\/\/gewerbeverein-wilhelmsdorf.de\/wp-content\/uploads\/2019\/04\/Logo-Metzgerei-Strobel.jpg","width":3170,"height":1773},{"@type":"BreadcrumbList","@id":"http:\/\/gewerbeverein-wilhelmsdorf.de\/?page_id=522#breadcrumb","itemListElement":[{"@type":"ListItem","position":1,"name":"Startseite","item":"https:\/\/gewerbeverein-wilhelmsdorf.de\/"},{"@type":"ListItem","position":2,"name":"Landmetzgerei \u2013 Partyservice Strobel"}]},{"@type":"WebSite","@id":"https:\/\/gewerbeverein-wilhelmsdorf.de\/#website","url":"https:\/\/gewerbeverein-wilhelmsdorf.de\/","name":"Gewerbeverein Wilhelmsdorf","description":"Gewerbe in Wilhelmsdorf f\u00fcr Wilhelmsdorf","publisher":{"@id":"https:\/\/gewerbeverein-wilhelmsdorf.de\/#organization"},"potentialAction":[{"@type":"SearchAction","target":{"@type":"EntryPoint","urlTemplate":"https:\/\/gewerbeverein-wilhelmsdorf.de\/?s={search_term_string}"},"query-input":{"@type":"PropertyValueSpecification","valueRequired":true,"valueName":"search_term_string"}}],"inLanguage":"de"},{"@type":"Organization","@id":"https:\/\/gewerbeverein-wilhelmsdorf.de\/#organization","name":"Gewerbeverein Wilhelmsdorf","url":"https:\/\/gewerbeverein-wilhelmsdorf.de\/","logo":{"@type":"ImageObject","inLanguage":"de","@id":"https:\/\/gewerbeverein-wilhelmsdorf.de\/#\/schema\/logo\/image\/","url":"http:\/\/gewerbeverein-wilhelmsdorf.de\/wp-content\/uploads\/2019\/03\/cropped-web_Logo.jpg","contentUrl":"http:\/\/gewerbeverein-wilhelmsdorf.de\/wp-content\/uploads\/2019\/03\/cropped-web_Logo.jpg","width":1200,"height":800,"caption":"Gewerbeverein Wilhelmsdorf"},"image":{"@id":"https:\/\/gewerbeverein-wilhelmsdorf.de\/#\/schema\/logo\/image\/"}}]}},"_links":{"self":[{"href":"http:\/\/gewerbeverein-wilhelmsdorf.de\/index.php?rest_route=\/wp\/v2\/pages\/522","targetHints":{"allow":["GET"]}}],"collection":[{"href":"http:\/\/gewerbeverein-wilhelmsdorf.de\/index.php?rest_route=\/wp\/v2\/pages"}],"about":[{"href":"http:\/\/gewerbeverein-wilhelmsdorf.de\/index.php?rest_route=\/wp\/v2\/types\/page"}],"author":[{"embeddable":true,"href":"http:\/\/gewerbeverein-wilhelmsdorf.de\/index.php?rest_route=\/wp\/v2\/users\/1"}],"replies":[{"embeddable":true,"href":"http:\/\/gewerbeverein-wilhelmsdorf.de\/index.php?rest_route=%2Fwp%2Fv2%2Fcomments&post=522"}],"version-history":[{"count":6,"href":"http:\/\/gewerbeverein-wilhelmsdorf.de\/index.php?rest_route=\/wp\/v2\/pages\/522\/revisions"}],"predecessor-version":[{"id":1054,"href":"http:\/\/gewerbeverein-wilhelmsdorf.de\/index.php?rest_route=\/wp\/v2\/pages\/522\/revisions\/1054"}],"wp:attachment":[{"href":"http:\/\/gewerbeverein-wilhelmsdorf.de\/index.php?rest_route=%2Fwp%2Fv2%2Fmedia&parent=522"}],"curies":[{"name":"wp","href":"https:\/\/api.w.org\/{rel}","templated":true}]}}